{"id":142,"date":"2019-12-03T12:10:07","date_gmt":"2019-12-03T12:10:07","guid":{"rendered":"http:\/\/informatika.ssploce.hr\/?page_id=142"},"modified":"2026-04-15T13:02:35","modified_gmt":"2026-04-15T13:02:35","slug":"programiranje","status":"publish","type":"page","link":"https:\/\/informatika.ssploce.hr\/?page_id=142","title":{"rendered":"Programiranje"},"content":{"rendered":"<p data-start=\"49\" data-end=\"459\"><strong data-start=\"49\" data-end=\"68\">Opis aktivnosti<\/strong><br data-start=\"68\" data-end=\"71\" \/>U\u010denici \u0107e kroz radne prezentacije i materijale \u010ditati algoritme te ih povezivati s tekstom zadatka ili programom. Nakon toga, gotove algoritme zapisane na razli\u010dite na\u010dine (pseudokod, dijagram toka, govorni jezik) u\u010denici pretvaraju u program u Pythonu uz pomo\u0107 radnih prezentacija.<br data-start=\"354\" data-end=\"357\" \/>Radne prezentacije prate i vje\u017ebe za svaki dio programiranja (slijed, grananja, petlje, polja, liste).<\/p>\n<hr data-start=\"461\" data-end=\"464\" \/>\n<p data-start=\"466\" data-end=\"797\"><strong data-start=\"466\" data-end=\"483\">Ishodi u\u010denja<\/strong><br data-start=\"483\" data-end=\"486\" \/>B.1.3 U\u010denik razvija algoritam i stvara program u odabranom programskom jeziku rje\u0161avaju\u0107i problem uporabom struktura grananja i ponavljanja.<br data-start=\"627\" data-end=\"630\" \/>A.1.5 U\u010denik definira logi\u010dki izraz za zadani problem.<br data-start=\"684\" data-end=\"687\" \/>B.1.1 U\u010denik analizira problem, definira ulazne i izlazne vrijednosti te uo\u010dava korake za rje\u0161avanje problema.<\/p>\n<hr data-start=\"799\" data-end=\"802\" \/>\n<p data-start=\"804\" data-end=\"922\"><strong data-start=\"804\" data-end=\"817\">Trajanje:<\/strong> Sadr\u017eaj i vje\u017ebe namijenjeni su za 20 \u0161kolskih sati.<br data-start=\"870\" data-end=\"873\" \/><strong data-start=\"873\" data-end=\"888\">Kategorija:<\/strong> 1. i 2. godina u\u010denja informatike<\/p>\n<hr data-start=\"924\" data-end=\"927\" \/>\n<p data-start=\"929\" data-end=\"1141\"><strong data-start=\"929\" data-end=\"952\">MPT \u2013 Uporaba IKT-a<\/strong><br data-start=\"952\" data-end=\"955\" \/>IKT D.4.1 U\u010denik samostalno ili u suradnji s drugima stvara nove sadr\u017eaje i ideje ili preoblikuje postoje\u0107a digitalna rje\u0161enja primjenjuju\u0107i razli\u010dite na\u010dine za poticanje kreativnosti.<\/p>\n<p data-start=\"1143\" data-end=\"1444\"><strong data-start=\"1143\" data-end=\"1169\">MPT \u2013 U\u010diti kako u\u010diti<\/strong><br data-start=\"1169\" data-end=\"1172\" \/>uku A.4\/5.4 Kriti\u010dko mi\u0161ljenje \u2013 U\u010denik samostalno kriti\u010dki promi\u0161lja i vrednuje ideje.<br data-start=\"1259\" data-end=\"1262\" \/>uku A.4\/5.1 Upravljanje informacijama \u2013 U\u010denik samostalno tra\u017ei nove informacije iz razli\u010ditih izvora, transformira ih u novo znanje i uspje\u0161no primjenjuje pri rje\u0161avanju problema.<\/p>\n<p data-start=\"1446\" data-end=\"1533\"><strong data-start=\"1446\" data-end=\"1469\">MPT \u2013 Poduzetni\u0161tvo<\/strong><br data-start=\"1469\" data-end=\"1472\" \/>Pod A.4.1 U\u010denik primjenjuje inovativna i kreativna rje\u0161enja.<\/p>\n<p data-start=\"1446\" data-end=\"1533\">\u00a0<\/p>\n<table style=\"height: 55px;\" width=\"402\">\n<tbody>\n<tr>\n<td>\n<p><span style=\"color: #003366;\">Vrednovanje za u\u010denje<\/span><\/p>\n<ul>\n<li><span data-contrast=\"auto\">pra\u0107enje aktivnosti tijekom rada usmenim propitivanjem<\/span><\/li>\n<li><span data-contrast=\"auto\">zadaci za samostalni rad na digitalnoj polici, link zadaci<\/span><\/li>\n<li><span data-contrast=\"auto\">online sustavi za opa\u017eanje i davanje brzih povratnih informacija<\/span><\/li>\n<li>ankete i upitnici kroz loomen<\/li>\n<li>kontakt forma na stranici za povratnu informaciju o nau\u010denom<\/li>\n<\/ul>\n<\/td>\n<td>\n<p><span style=\"color: #003366;\">Vrednovanje kao u\u010denje<\/span><\/p>\n<ul>\n<li>Upitnik za samovrednovanje<\/li>\n<li><a href=\"https:\/\/forms.office.com\/Pages\/DesignPage.aspx#FormId=FvJamzTGgEurAgyaPQKQkZIGEHw_3jdOjU4HQ_FfWsRURVFQSDVYN0hPTkUzTUI4UjlRRzQ1OVZQVC4u\">Listi\u0107 za samoprocjenu &#8211; primjer<\/a><\/li>\n<\/ul>\n<\/td>\n<td>\n<p><span style=\"color: #003366;\">Vrednovanje nau\u010denog<\/span><\/p>\n<ul>\n<li><span class=\"TextRun SCXO123662496 BCX0\" lang=\"HR-HR\" xml:lang=\"HR-HR\" data-contrast=\"auto\"><span class=\"NormalTextRun SCXO123662496 BCX0\"><span style=\"color: #003366;\">pisana provjera i\/ili prov<\/span>jera znanja na ra\u010dunalu\u00a0<\/span><\/span><\/li>\n<\/ul>\n<\/td>\n<\/tr>\n<\/tbody>\n<\/table>\n<hr \/>\n\n\n<p><\/p>\n","protected":false},"excerpt":{"rendered":"<p>Opis aktivnostiU\u010denici \u0107e kroz radne prezentacije i materijale \u010ditati algoritme te ih povezivati s tekstom zadatka ili programom. Nakon toga, gotove algoritme zapisane na razli\u010dite na\u010dine (pseudokod, dijagram toka, govorni jezik) u\u010denici pretvaraju u program u Pythonu uz pomo\u0107 radnih prezentacija.Radne prezentacije prate i vje\u017ebe za svaki dio programiranja (slijed, grananja, petlje, polja, liste). Ishodi<\/p>\n<p><a href=\"https:\/\/informatika.ssploce.hr\/?page_id=142\" class=\"more-link themebutton\">Read More<\/a><\/p>\n","protected":false},"author":2,"featured_media":0,"parent":0,"menu_order":0,"comment_status":"closed","ping_status":"closed","template":"","meta":{"footnotes":""},"_links":{"self":[{"href":"https:\/\/informatika.ssploce.hr\/index.php?rest_route=\/wp\/v2\/pages\/142"}],"collection":[{"href":"https:\/\/informatika.ssploce.hr\/index.php?rest_route=\/wp\/v2\/pages"}],"about":[{"href":"https:\/\/informatika.ssploce.hr\/index.php?rest_route=\/wp\/v2\/types\/page"}],"author":[{"embeddable":true,"href":"https:\/\/informatika.ssploce.hr\/index.php?rest_route=\/wp\/v2\/users\/2"}],"replies":[{"embeddable":true,"href":"https:\/\/informatika.ssploce.hr\/index.php?rest_route=%2Fwp%2Fv2%2Fcomments&post=142"}],"version-history":[{"count":12,"href":"https:\/\/informatika.ssploce.hr\/index.php?rest_route=\/wp\/v2\/pages\/142\/revisions"}],"predecessor-version":[{"id":1098,"href":"https:\/\/informatika.ssploce.hr\/index.php?rest_route=\/wp\/v2\/pages\/142\/revisions\/1098"}],"wp:attachment":[{"href":"https:\/\/informatika.ssploce.hr\/index.php?rest_route=%2Fwp%2Fv2%2Fmedia&parent=142"}],"curies":[{"name":"wp","href":"https:\/\/api.w.org\/{rel}","templated":true}]}}