{"id":151,"date":"2019-12-03T12:19:58","date_gmt":"2019-12-03T12:19:58","guid":{"rendered":"http:\/\/informatika.ssploce.hr\/?page_id=151"},"modified":"2026-04-15T13:22:02","modified_gmt":"2026-04-15T13:22:02","slug":"izrada-baze-podataka","status":"publish","type":"page","link":"https:\/\/informatika.ssploce.hr\/?page_id=151","title":{"rendered":"Izrada baze podataka"},"content":{"rendered":"<p><!--StartFragment--><\/p>\n\n\n<p><strong>ISHODI U\u010cENJA ZA PROJEKT IZ BAZE PODATAKA<\/strong><\/p>\n\n\n\n<p><strong>U\u010denik \u0107e izradom ovog projekta mo\u0107i:<\/strong><\/p>\n\n\n\n<ul>\n<li>objasniti svrhu i ulogu informacijskih sustava u poslovanju<\/li>\n\n\n\n<li>analizirati zahtjeve korisnika i modelirati bazu podataka (entiteti, atributi, odnosi)<\/li>\n\n\n\n<li>izraditi i normalizirati relacijsku bazu podataka u MS Accessu do 3NF<\/li>\n\n\n\n<li>kreirati tablice, klju\u010deve, veze, upite, obrasce i izvje\u0161\u0107a<\/li>\n\n\n\n<li>izraditi jednostavno su\u010delje s navigacijom i makronaredbama<\/li>\n\n\n\n<li>dokumentirati projekt i objasniti na\u010din rada baze podataka<\/li>\n<\/ul>\n\n\n\n<hr class=\"wp-block-separator has-alpha-channel-opacity\"\/>\n\n\n<p><!--EndFragment--><\/p>\n\n\n<p class=\"has-medium-font-size\"><a href=\"http:\/\/informatika.ssploce.hr\/wp-content\/uploads\/2025\/04\/PROJEKTNI-ZADATAK-baze.pdf\">PROJEKTNI ZADATAK &#8211; Izrada baze podataka<\/a><\/p>\n","protected":false},"excerpt":{"rendered":"<p>ISHODI U\u010cENJA ZA PROJEKT IZ BAZE PODATAKA U\u010denik \u0107e izradom ovog projekta mo\u0107i: PROJEKTNI ZADATAK &#8211; Izrada baze podataka<\/p>\n","protected":false},"author":2,"featured_media":0,"parent":0,"menu_order":0,"comment_status":"closed","ping_status":"closed","template":"","meta":{"footnotes":""},"_links":{"self":[{"href":"https:\/\/informatika.ssploce.hr\/index.php?rest_route=\/wp\/v2\/pages\/151"}],"collection":[{"href":"https:\/\/informatika.ssploce.hr\/index.php?rest_route=\/wp\/v2\/pages"}],"about":[{"href":"https:\/\/informatika.ssploce.hr\/index.php?rest_route=\/wp\/v2\/types\/page"}],"author":[{"embeddable":true,"href":"https:\/\/informatika.ssploce.hr\/index.php?rest_route=\/wp\/v2\/users\/2"}],"replies":[{"embeddable":true,"href":"https:\/\/informatika.ssploce.hr\/index.php?rest_route=%2Fwp%2Fv2%2Fcomments&post=151"}],"version-history":[{"count":8,"href":"https:\/\/informatika.ssploce.hr\/index.php?rest_route=\/wp\/v2\/pages\/151\/revisions"}],"predecessor-version":[{"id":1107,"href":"https:\/\/informatika.ssploce.hr\/index.php?rest_route=\/wp\/v2\/pages\/151\/revisions\/1107"}],"wp:attachment":[{"href":"https:\/\/informatika.ssploce.hr\/index.php?rest_route=%2Fwp%2Fv2%2Fmedia&parent=151"}],"curies":[{"name":"wp","href":"https:\/\/api.w.org\/{rel}","templated":true}]}}