{"id":180,"date":"2019-12-11T07:45:04","date_gmt":"2019-12-11T07:45:04","guid":{"rendered":"http:\/\/informatika.ssploce.hr\/?page_id=180"},"modified":"2026-04-15T13:14:50","modified_gmt":"2026-04-15T13:14:50","slug":"rrjesavanje-problema","status":"publish","type":"page","link":"https:\/\/informatika.ssploce.hr\/?page_id=180","title":{"rendered":"Upoznajmo algoritme"},"content":{"rendered":"\n<p class=\"has-text-align-left\">Nau\u010dit \u0107emo:<\/p>\n\n\n\n<div class=\"wp-block-columns is-layout-flex wp-container-core-columns-is-layout-1 wp-block-columns-is-layout-flex\">\n<div class=\"wp-block-column is-layout-flow wp-block-column-is-layout-flow\" style=\"flex-basis:100%\">\n<ul>\n<li>definirati logi\u010dki izraz za zadani problem<\/li>\n\n\n\n<li>analizirati problem, definirati ulazne i izlazne vrijednosti te uo\u010davati korake za rje\u0161avanje problema<\/li>\n\n\n\n<li>primjenjivati jednostavne tipove podataka te argumentirati njihov odabir, primjenjivati razli\u010dite vrste izraza, operacija, relacija i standardnih funkcija za modeliranje jednostavnoga problema u odabranome programskom jeziku<\/li>\n<\/ul>\n\n\n\n<p><strong>Radni materijali:<\/strong><\/p>\n<\/div>\n<\/div>\n\n\n\n<div class=\"wp-block-file\"><a href=\"http:\/\/informatika.ssploce.hr\/wp-content\/uploads\/2019\/12\/algoritmi_nova.pdf\">Uvod u algoritme<\/a><a href=\"http:\/\/informatika.ssploce.hr\/wp-content\/uploads\/2019\/12\/algoritmi_nova.pdf\" class=\"wp-block-file__button wp-element-button\" download>Preuzmi<\/a><\/div>\n\n\n\n<p><a href=\"https:\/\/drive.google.com\/file\/d\/1fU5VeTOWE7Zj55-3A4HVXmF7-F7aPPW9\/view?usp=sharing\">Radna prezentacija &#8211; Algoritmi i pseudokod<\/a><\/p>\n\n\n\n<p>Za one koji \u017eele vi\u0161e!<\/p>\n\n\n\n<div class=\"wp-block-file\"><a href=\"http:\/\/informatika.ssploce.hr\/wp-content\/uploads\/2019\/12\/Osnovni-algoritamski-postupci.pdf\">Osnovni-algoritamski-postupci<\/a><a href=\"http:\/\/informatika.ssploce.hr\/wp-content\/uploads\/2019\/12\/Osnovni-algoritamski-postupci.pdf\" class=\"wp-block-file__button wp-element-button\" download>Preuzmi<\/a><\/div>\n\n\n\n<p>Primjeri vrednovanja<\/p>\n\n\n\n<div class=\"wp-block-file\"><a href=\"http:\/\/informatika.ssploce.hr\/wp-content\/uploads\/2021\/01\/Vrednovanje-naucenog-Izazov-programiranja.pdf\">Vrednovanje naucenog &#8211; Izazov programiranju (primjer zadataka)<\/a><a href=\"http:\/\/informatika.ssploce.hr\/wp-content\/uploads\/2021\/01\/Vrednovanje-naucenog-Izazov-programiranja.pdf\" class=\"wp-block-file__button wp-element-button\" download>Preuzmi<\/a><\/div>\n\n\n\n<p><a href=\"https:\/\/forms.office.com\/Pages\/ResponsePage.aspx?id=FvJamzTGgEurAgyaPQKQkZIGEHw_3jdOjU4HQ_FfWsRUOFlYWkY4RThZVTBaS1hZQzdDVDU4RUFENi4u\">Vrednovanje kao u\u010denje  &#8211; Upoznajmo programiranje<\/a><\/p>\n\n\n\n<p><a href=\"https:\/\/forms.office.com\/Pages\/ResponsePage.aspx?id=FvJamzTGgEurAgyaPQKQkZIGEHw_3jdOjU4HQ_FfWsRUMk44UDY4WUVNSDdRN0JOQzdQR0MxRUQwSC4u\">Vrednovanje za u\u010denje &#8211; Upoznajmo algoritme<\/a><\/p>\n\n\n\n<p>Vje\u017ebe <\/p>\n\n\n\n<div class=\"wp-block-file\"><a href=\"http:\/\/informatika.ssploce.hr\/wp-content\/uploads\/2021\/03\/1080_2439.pdf\">Pitanja <\/a><a href=\"http:\/\/informatika.ssploce.hr\/wp-content\/uploads\/2021\/03\/1080_2439.pdf\" class=\"wp-block-file__button wp-element-button\" download>Preuzmi<\/a><\/div>\n\n\n\n<div class=\"wp-block-file\"><a href=\"http:\/\/informatika.ssploce.hr\/wp-content\/uploads\/2021\/03\/1081_2546.pdf\">Matemati\u010dke formule i pisanje matemati\u010dkih izraza<\/a><a href=\"http:\/\/informatika.ssploce.hr\/wp-content\/uploads\/2021\/03\/1081_2546.pdf\" class=\"wp-block-file__button wp-element-button\" download>Preuzmi<\/a><\/div>\n\n\n\n<div class=\"wp-block-file\"><a href=\"http:\/\/informatika.ssploce.hr\/wp-content\/uploads\/2021\/03\/1082_2545.pdf\">Zadaci-slijed<\/a><a href=\"http:\/\/informatika.ssploce.hr\/wp-content\/uploads\/2021\/03\/1082_2545.pdf\" class=\"wp-block-file__button wp-element-button\" download>Preuzmi<\/a><\/div>\n\n\n\n<div class=\"wp-block-file\"><a href=\"http:\/\/informatika.ssploce.hr\/wp-content\/uploads\/2021\/03\/1084_2548.pdf\">Zadaci-petlja for<\/a><a href=\"http:\/\/informatika.ssploce.hr\/wp-content\/uploads\/2021\/03\/1084_2548.pdf\" class=\"wp-block-file__button wp-element-button\" download>Preuzmi<\/a><\/div>\n\n\n\n<div class=\"wp-block-file\"><a href=\"http:\/\/informatika.ssploce.hr\/wp-content\/uploads\/2021\/03\/1085_2549.pdf\">Zadaci-Petlja while<\/a><a href=\"http:\/\/informatika.ssploce.hr\/wp-content\/uploads\/2021\/03\/1085_2549.pdf\" class=\"wp-block-file__button wp-element-button\" download>Preuzmi<\/a><\/div>\n\n\n\n<p><\/p>\n","protected":false},"excerpt":{"rendered":"<p>Nau\u010dit \u0107emo: Radni materijali: Radna prezentacija &#8211; Algoritmi i pseudokod Za one koji \u017eele vi\u0161e! Primjeri vrednovanja Vrednovanje kao u\u010denje &#8211; Upoznajmo programiranje Vrednovanje za u\u010denje &#8211; Upoznajmo algoritme Vje\u017ebe<\/p>\n","protected":false},"author":2,"featured_media":0,"parent":0,"menu_order":0,"comment_status":"closed","ping_status":"closed","template":"","meta":{"footnotes":""},"_links":{"self":[{"href":"https:\/\/informatika.ssploce.hr\/index.php?rest_route=\/wp\/v2\/pages\/180"}],"collection":[{"href":"https:\/\/informatika.ssploce.hr\/index.php?rest_route=\/wp\/v2\/pages"}],"about":[{"href":"https:\/\/informatika.ssploce.hr\/index.php?rest_route=\/wp\/v2\/types\/page"}],"author":[{"embeddable":true,"href":"https:\/\/informatika.ssploce.hr\/index.php?rest_route=\/wp\/v2\/users\/2"}],"replies":[{"embeddable":true,"href":"https:\/\/informatika.ssploce.hr\/index.php?rest_route=%2Fwp%2Fv2%2Fcomments&post=180"}],"version-history":[{"count":24,"href":"https:\/\/informatika.ssploce.hr\/index.php?rest_route=\/wp\/v2\/pages\/180\/revisions"}],"predecessor-version":[{"id":1104,"href":"https:\/\/informatika.ssploce.hr\/index.php?rest_route=\/wp\/v2\/pages\/180\/revisions\/1104"}],"wp:attachment":[{"href":"https:\/\/informatika.ssploce.hr\/index.php?rest_route=%2Fwp%2Fv2%2Fmedia&parent=180"}],"curies":[{"name":"wp","href":"https:\/\/api.w.org\/{rel}","templated":true}]}}