{"id":21,"date":"2019-11-30T16:46:21","date_gmt":"2019-11-30T16:46:21","guid":{"rendered":"http:\/\/informatika.ssploce.hr\/?page_id=21"},"modified":"2026-04-15T13:00:06","modified_gmt":"2026-04-15T13:00:06","slug":"projekt_1","status":"publish","type":"page","link":"https:\/\/informatika.ssploce.hr\/?page_id=21","title":{"rendered":"Projekti"},"content":{"rendered":"\n<p>Projektna nastava predstavlja suvremen i u\u010dinkovit na\u010din pou\u010davanja u kojem u\u010denici aktivno sudjeluju u procesu u\u010denja. Kroz istra\u017eivanje, suradnju i prakti\u010dan rad razvijaju znanje i vje\u0161tine na zanimljiv i smislen na\u010din.<\/p>\n\n\n\n<p>Aktivni smo u provedbi razli\u010ditih projekata koji poti\u010du kreativnost, samostalnost i timski rad, \u010dine\u0107i nastavu dinami\u010dnijom i bli\u017eom stvarnom \u017eivotu.<\/p>\n\n\n\n<p><strong>\u0160kolski projekti <\/strong><\/p>\n\n\n\n<ul>\n<li><a href=\"http:\/\/informatika.ssploce.hr\/?page_id=52\">Interaktivna digitalna mapa<\/a><\/li>\n\n\n\n<li><a href=\"http:\/\/informatika.ssploce.hr\/wp-admin\/post.php?post=53&amp;action=edit\">Digitalni priru\u010dnik<\/a><\/li>\n\n\n\n<li><a href=\"http:\/\/informatika.ssploce.hr\/?page_id=149\">IS ugostiteljskog objekta <\/a><\/li>\n\n\n\n<li><a href=\"http:\/\/informatika.ssploce.hr\/?page_id=151\">Izrada baze podataka<\/a><\/li>\n\n\n\n<li><a href=\"http:\/\/informatika.ssploce.hr\/?page_id=215\">Kako izraditi logo<\/a><\/li>\n\n\n\n<li><a href=\"http:\/\/informatika.ssploce.hr\/?page_id=218\">Osmisli i odigraj digitalni kviz<\/a><\/li>\n\n\n\n<li><a href=\"https:\/\/drive.google.com\/drive\/folders\/1rIAzob_aqVvZwPRMIuqyVzgGmKKxeWGw?usp=drive_link\">Escape room<\/a><\/li>\n<\/ul>\n\n\n\n<p><strong>eTwinning<\/strong><\/p>\n\n\n\n<ul>\n<li><a href=\"https:\/\/twinspace.etwinning.net\/106502\/home\">eTwinning projekt: All you need is less<\/a><\/li>\n\n\n\n<li><a href=\"https:\/\/ss-fraandrijekacicamiosica-ploce.skole.hr\/project\/discovering-digital-universe\/\">eTwinning: Discovering Digital Universe<\/a><\/li>\n\n\n\n<li><a href=\"https:\/\/ss-fraandrijekacicamiosica-ploce.skole.hr\/project\/greengenz\/\">eTwinning: GreenGennZ<\/a><\/li>\n\n\n\n<li><a href=\"https:\/\/ss-fraandrijekacicamiosica-ploce.skole.hr\/project\/my-country-is-my-treasure\/\">My country is my treasure<\/a><\/li>\n\n\n\n<li><a href=\"https:\/\/ss-fraandrijekacicamiosica-ploce.skole.hr\/project\/a-recepe-for-well-being\/\">A recipe for well being<\/a><\/li>\n<\/ul>\n\n\n\n<p><strong>2025.\/2026.<\/strong><\/p>\n\n\n\n<ul>\n<li><a href=\"https:\/\/ss-fraandrijekacicamiosica-ploce.skole.hr\/project\/digiwise-think-act-click\/\">DigiWise:Think, Act, Klik<\/a><\/li>\n\n\n\n<li><a href=\"https:\/\/ss-fraandrijekacicamiosica-ploce.skole.hr\/project\/s-m-a-r-t-primjer-dobre-prakse-i-inovativnog-poucavanja-u-nasoj-skoli\/\">S.M.A.R.T<\/a><\/li>\n\n\n\n<li><a href=\"https:\/\/ss-fraandrijekacicamiosica-ploce.skole.hr\/project\/from-roots-to-futures\/\">From Roots To The Future<\/a><\/li>\n\n\n\n<li><a href=\"https:\/\/ss-fraandrijekacicamiosica-ploce.skole.hr\/project\/kulturalno-putovanje-gradimo-mostove-zajedno\/\">Gradimo mostove zajedno<\/a><\/li>\n\n\n\n<li><a href=\"https:\/\/ss-fraandrijekacicamiosica-ploce.skole.hr\/project\/environmentally-friendly-steps-sustainable-futures\/\">Environmentally Friendly Steps, Sustainable Futures<\/a><\/li>\n\n\n\n<li><a href=\"https:\/\/ss-fraandrijekacicamiosica-ploce.skole.hr\/project\/odrzivost-u-ekosustavu-digitalnog-poduzetnistva\/\">Sustainability in the Digital Entrepreneurship Ecosystem<\/a><\/li>\n\n\n\n<li>Green future and Blue Oceans<\/li>\n\n\n\n<li>\u0160kola budu\u0107nosti<\/li>\n\n\n\n<li>Code Week<\/li>\n\n\n\n<li>Dan sigurnijeg interneta<\/li>\n\n\n\n<li>Dani medijske pismenosti<\/li>\n\n\n\n<li>Equal Day<\/li>\n<\/ul>\n\n\n\n<p><strong><a href=\"https:\/\/informatika.ssploce.hr\/?page_id=790\">Primjeri dobre prakse<\/a><\/strong><\/p>\n\n\n\n<p><\/p>\n\n\n<p><strong>VREDNOVANJE<\/strong><\/p>\n<hr \/>\n<p><span style=\"color: #000080;\"><strong>Vrednovanje za u\u010denje<br \/><\/strong><\/span>ljestvice procjene \u2013 popis aktivnosti ili zadataka koje u\u010denik izvodi, a s pomo\u0107u kojeg sam prati realizaciju i uspje\u0161nost\u00a0<\/p>\n<p><span style=\"color: #000080;\"><strong>Vrednovanje kao u\u010denje\u00a0<br \/><\/strong><\/span>vr\u0161nja\u010dko vrednovanje\u00a0<\/p>\n<p><span style=\"color: #000080;\"><strong>Vrednovanje nau\u010denog<\/strong>\u00a0<br \/><\/span>u\u010deni\u010dki projekti \u2013 vrednuje se sudjelovanje u\u010denika, razine aktivnosti, komunikacije i suradnje, projektna dokumentacija te krajnji rezultati projekta i njihovo predstavljanje\u00a0<\/p>\n<hr \/>","protected":false},"excerpt":{"rendered":"<p>Projektna nastava predstavlja suvremen i u\u010dinkovit na\u010din pou\u010davanja u kojem u\u010denici aktivno sudjeluju u procesu u\u010denja. Kroz istra\u017eivanje, suradnju i prakti\u010dan rad razvijaju znanje i vje\u0161tine na zanimljiv i smislen na\u010din. Aktivni smo u provedbi razli\u010ditih projekata koji poti\u010du kreativnost, samostalnost i timski rad, \u010dine\u0107i nastavu dinami\u010dnijom i bli\u017eom stvarnom \u017eivotu. \u0160kolski projekti eTwinning 2025.\/2026.<\/p>\n<p><a href=\"https:\/\/informatika.ssploce.hr\/?page_id=21\" class=\"more-link themebutton\">Read More<\/a><\/p>\n","protected":false},"author":2,"featured_media":0,"parent":0,"menu_order":0,"comment_status":"closed","ping_status":"closed","template":"","meta":{"footnotes":""},"_links":{"self":[{"href":"https:\/\/informatika.ssploce.hr\/index.php?rest_route=\/wp\/v2\/pages\/21"}],"collection":[{"href":"https:\/\/informatika.ssploce.hr\/index.php?rest_route=\/wp\/v2\/pages"}],"about":[{"href":"https:\/\/informatika.ssploce.hr\/index.php?rest_route=\/wp\/v2\/types\/page"}],"author":[{"embeddable":true,"href":"https:\/\/informatika.ssploce.hr\/index.php?rest_route=\/wp\/v2\/users\/2"}],"replies":[{"embeddable":true,"href":"https:\/\/informatika.ssploce.hr\/index.php?rest_route=%2Fwp%2Fv2%2Fcomments&post=21"}],"version-history":[{"count":32,"href":"https:\/\/informatika.ssploce.hr\/index.php?rest_route=\/wp\/v2\/pages\/21\/revisions"}],"predecessor-version":[{"id":1096,"href":"https:\/\/informatika.ssploce.hr\/index.php?rest_route=\/wp\/v2\/pages\/21\/revisions\/1096"}],"wp:attachment":[{"href":"https:\/\/informatika.ssploce.hr\/index.php?rest_route=%2Fwp%2Fv2%2Fmedia&parent=21"}],"curies":[{"name":"wp","href":"https:\/\/api.w.org\/{rel}","templated":true}]}}