{"id":218,"date":"2019-12-26T18:00:18","date_gmt":"2019-12-26T18:00:18","guid":{"rendered":"http:\/\/informatika.ssploce.hr\/?page_id=218"},"modified":"2023-06-30T07:59:08","modified_gmt":"2023-06-30T07:59:08","slug":"osmisli-i-odigraj-digitalni-kviz","status":"publish","type":"page","link":"https:\/\/informatika.ssploce.hr\/?page_id=218","title":{"rendered":"Osmisli i odigraj digitalni kviz"},"content":{"rendered":"\n<p>Izrada i dijeljenje  digitalnih sadr\u017eaja<\/p>\n\n\n\n<div class=\"wp-block-file\"><a href=\"http:\/\/informatika.ssploce.hr\/wp-content\/uploads\/2020\/06\/Opis-aktivnosti-ishodi-i-me\u0111upredmetne-teme.pdf\">Opis aktivnosti, ishodi i me\u0111upredmetne teme<\/a><a href=\"http:\/\/informatika.ssploce.hr\/wp-content\/uploads\/2020\/06\/Opis-aktivnosti-ishodi-i-me\u0111upredmetne-teme.pdf\" class=\"wp-block-file__button\" download>Preuzmi<\/a><\/div>\n\n\n<hr>\n<p><span style=\"color: #008080;\"><strong>Primjeri izra\u0111enih kvizova<\/strong><\/span><\/p>\n\n\n<div class=\"wp-block-file\"><a href=\"http:\/\/informatika.ssploce.hr\/wp-content\/uploads\/2019\/12\/list-za-odgovore-i-pravila.pdf\">Medni_dan_list za odgovore i pravila<\/a><a href=\"http:\/\/informatika.ssploce.hr\/wp-content\/uploads\/2019\/12\/list-za-odgovore-i-pravila.pdf\" class=\"wp-block-file__button\" download>Preuzmi<\/a><\/div>\n\n\n\n<div class=\"wp-block-file\"><a href=\"http:\/\/informatika.ssploce.hr\/wp-content\/uploads\/2019\/12\/medni_dan_kviz.pdf\">Medni_dan_kviz<\/a><a href=\"http:\/\/informatika.ssploce.hr\/wp-content\/uploads\/2019\/12\/medni_dan_kviz.pdf\" class=\"wp-block-file__button\" download>Preuzmi<\/a><\/div>\n\n\n\n<div class=\"wp-block-file\"><a href=\"http:\/\/informatika.ssploce.hr\/wp-content\/uploads\/2019\/12\/medni_dan_rjesenja.pdf\">Medni_dan_rjesenja<\/a><a href=\"http:\/\/informatika.ssploce.hr\/wp-content\/uploads\/2019\/12\/medni_dan_rjesenja.pdf\" class=\"wp-block-file__button\" download>Preuzmi<\/a><\/div>\n\n\n\n<p><strong>Kviz &#8211; IT &#8211; u\u010denici 3.b razreda<\/strong><\/p>\n\n\n\n<div class=\"wp-block-file\"><a href=\"http:\/\/informatika.ssploce.hr\/wp-content\/uploads\/2020\/06\/kviz_it.pdf\">Kviz_it<\/a><a href=\"http:\/\/informatika.ssploce.hr\/wp-content\/uploads\/2020\/06\/kviz_it.pdf\" class=\"wp-block-file__button\" download>Preuzmi<\/a><\/div>\n\n\n\n<div class=\"wp-block-file\"><a href=\"http:\/\/informatika.ssploce.hr\/wp-content\/uploads\/2020\/06\/odgovori-prvi-krug.pdf\">Odgovori-prvi-krug<\/a><a href=\"http:\/\/informatika.ssploce.hr\/wp-content\/uploads\/2020\/06\/odgovori-prvi-krug.pdf\" class=\"wp-block-file__button\" download>Preuzmi<\/a><\/div>\n\n\n\n<div class=\"wp-block-file\"><a href=\"http:\/\/informatika.ssploce.hr\/wp-content\/uploads\/2020\/06\/odgovori-drugi-krug.pdf\">Odgovori-drugi-krug<\/a><a href=\"http:\/\/informatika.ssploce.hr\/wp-content\/uploads\/2020\/06\/odgovori-drugi-krug.pdf\" class=\"wp-block-file__button\" download>Preuzmi<\/a><\/div>\n\n\n\n<p><\/p>\n","protected":false},"excerpt":{"rendered":"<p>Izrada i dijeljenje digitalnih sadr\u017eaja Primjeri izra\u0111enih kvizova Kviz &#8211; IT &#8211; u\u010denici 3.b razreda<\/p>\n","protected":false},"author":2,"featured_media":0,"parent":0,"menu_order":0,"comment_status":"closed","ping_status":"closed","template":"","meta":{"footnotes":""},"_links":{"self":[{"href":"https:\/\/informatika.ssploce.hr\/index.php?rest_route=\/wp\/v2\/pages\/218"}],"collection":[{"href":"https:\/\/informatika.ssploce.hr\/index.php?rest_route=\/wp\/v2\/pages"}],"about":[{"href":"https:\/\/informatika.ssploce.hr\/index.php?rest_route=\/wp\/v2\/types\/page"}],"author":[{"embeddable":true,"href":"https:\/\/informatika.ssploce.hr\/index.php?rest_route=\/wp\/v2\/users\/2"}],"replies":[{"embeddable":true,"href":"https:\/\/informatika.ssploce.hr\/index.php?rest_route=%2Fwp%2Fv2%2Fcomments&post=218"}],"version-history":[{"count":11,"href":"https:\/\/informatika.ssploce.hr\/index.php?rest_route=\/wp\/v2\/pages\/218\/revisions"}],"predecessor-version":[{"id":716,"href":"https:\/\/informatika.ssploce.hr\/index.php?rest_route=\/wp\/v2\/pages\/218\/revisions\/716"}],"wp:attachment":[{"href":"https:\/\/informatika.ssploce.hr\/index.php?rest_route=%2Fwp%2Fv2%2Fmedia&parent=218"}],"curies":[{"name":"wp","href":"https:\/\/api.w.org\/{rel}","templated":true}]}}