{"id":364,"date":"2020-05-26T10:23:03","date_gmt":"2020-05-26T10:23:03","guid":{"rendered":"http:\/\/informatika.ssploce.hr\/?page_id=364"},"modified":"2026-04-15T13:07:04","modified_gmt":"2026-04-15T13:07:04","slug":"izrada-i-dijeljenje-digitalnih-sadrzaja","status":"publish","type":"page","link":"https:\/\/informatika.ssploce.hr\/?page_id=364","title":{"rendered":"Digitalna pismenost"},"content":{"rendered":"\n<p><strong>Opis aktivnosti<\/strong><br>U\u010denici \u0107e kroz rad na zadacima u\u010diti pronalaziti i odabirati relevantne informacije te koristiti prikladne izvore za izradu digitalnih sadr\u017eaja. Sura\u0111ivat \u0107e u online okru\u017eenju na zajedni\u010dkim projektima te razvijati digitalne vje\u0161tine, kreativnost i odgovorno kori\u0161tenje tehnologije. Tako\u0111er \u0107e analizirati ulogu pomo\u0107ne tehnologije i prilago\u0111enih digitalnih sadr\u017eaja u \u017eivotima osoba s te\u0161ko\u0107ama.<\/p>\n\n\n\n<hr class=\"wp-block-separator has-alpha-channel-opacity\"\/>\n\n\n\n<p><strong>Ishodi<\/strong><\/p>\n\n\n\n<ul>\n<li>pronalazi podatke i informacije, odabire prikladne izvore te ure\u0111uje, stvara i objavljuje\/dijeli vlastite digitalne sadr\u017eaje<\/li>\n\n\n\n<li>sura\u0111uje i sudjeluje u radu na projektu u online okru\u017eenju<\/li>\n\n\n\n<li>analizira ulogu pomo\u0107ne tehnologije i prilago\u0111enih digitalnih sadr\u017eaja u \u017eivotima osoba s te\u0161ko\u0107ama<\/li>\n<\/ul>\n\n\n\n<hr class=\"wp-block-separator has-alpha-channel-opacity\"\/>\n\n\n\n<p><strong>Me\u0111upredmetne teme<\/strong><\/p>\n\n\n\n<ul>\n<li><strong>IKT A.4.3.<\/strong> U\u010denik stvara pozitivne digitalne tragove vode\u0107i se na\u010delom sigurnosti.<\/li>\n\n\n\n<li><strong>IKT C.4.2.<\/strong> U\u010denik samostalno provodi slo\u017eeno pretra\u017eivanje informacija u digitalnome okru\u017eju.<\/li>\n\n\n\n<li><strong>IKT D.4.1.<\/strong> U\u010denik samostalno ili u suradnji s drugima stvara nove sadr\u017eaje i ideje ili preoblikuje postoje\u0107a digitalna rje\u0161enja primjenjuju\u0107i razli\u010dite na\u010dine za poticanje kreativnosti.<\/li>\n\n\n\n<li><strong>OSR A.4.4.<\/strong> Upravlja svojim obrazovnim i profesionalnim putem.<\/li>\n\n\n\n<li><strong>POD B.4.1.<\/strong> Razvija poduzetni\u010dku ideju od koncepta do realizacije.<\/li>\n\n\n\n<li><strong>UKU B.4\/5.2.<\/strong> U\u010denik prati u\u010dinkovitost u\u010denja i svoje napredovanje tijekom u\u010denja.<\/li>\n<\/ul>\n\n\n\n<hr class=\"wp-block-separator has-css-opacity\"\/>\n\n\n\n<p><strong>Izrada i dijeljenje digitalnih sadr\u017eaja<\/strong> &#8211;<strong> prakti\u010dne vje\u017ebe<\/strong> iz Sfere <\/p>\n\n\n\n<div class=\"wp-block-file\"><a href=\"http:\/\/informatika.ssploce.hr\/wp-content\/uploads\/2020\/05\/Vje\u017eba-osnove.pdf\">Vje\u017eba-osnove  rada na ra\u010dunalu<\/a><a href=\"http:\/\/informatika.ssploce.hr\/wp-content\/uploads\/2020\/05\/Vje\u017eba-osnove.pdf\" class=\"wp-block-file__button wp-element-button\" download>Preuzmi<\/a><\/div>\n\n\n\n<div class=\"wp-block-file\"><a href=\"http:\/\/informatika.ssploce.hr\/wp-content\/uploads\/2020\/05\/zadaci_word.pdf\">Vje\u017ebe 1- Oblikovanje tekstualnih dokumenata<\/a><a href=\"http:\/\/informatika.ssploce.hr\/wp-content\/uploads\/2020\/05\/zadaci_word.pdf\" class=\"wp-block-file__button wp-element-button\" download>Preuzmi<\/a><\/div>\n\n\n\n<div class=\"wp-block-file\"><a href=\"http:\/\/informatika.ssploce.hr\/wp-content\/uploads\/2020\/05\/vjezba3-oblikovanje-digitalnih-sadr\u017eaja.pdf\">Vjezba 2-Izrada i dijeljenje digitalnih sadr\u017eaja<\/a><a href=\"http:\/\/informatika.ssploce.hr\/wp-content\/uploads\/2020\/05\/vjezba3-oblikovanje-digitalnih-sadr\u017eaja.pdf\" class=\"wp-block-file__button wp-element-button\" download>Preuzmi<\/a><\/div>\n\n\n\n<div class=\"wp-block-file\"><a href=\"http:\/\/informatika.ssploce.hr\/wp-content\/uploads\/2020\/05\/vjezba4.pdf\">Vjezba 3 &#8211; Izrada i dijeljenje digitalnih sadr\u017eaja<\/a><a href=\"http:\/\/informatika.ssploce.hr\/wp-content\/uploads\/2020\/05\/vjezba4.pdf\" class=\"wp-block-file__button wp-element-button\" download>Preuzmi<\/a><\/div>\n\n\n\n<div class=\"wp-block-file\"><a href=\"http:\/\/informatika.ssploce.hr\/wp-content\/uploads\/2020\/05\/zadatak_anketa_zdrava_prehrana.pdf\">Vje\u017eba: Pretra\u017eivanje i prikaz digitalnih sadr\u017eaja &#8211; Izrada ankete<\/a><a href=\"http:\/\/informatika.ssploce.hr\/wp-content\/uploads\/2020\/05\/zadatak_anketa_zdrava_prehrana.pdf\" class=\"wp-block-file__button wp-element-button\" download>Preuzmi<\/a><\/div>\n\n\n\n<div class=\"wp-block-file\"><a href=\"http:\/\/informatika.ssploce.hr\/wp-content\/uploads\/2020\/05\/Excel-2cd.pdf\">Vje\u017ebe: Rad na prora\u010dunskim  tablicama-Ecxel<\/a><a href=\"http:\/\/informatika.ssploce.hr\/wp-content\/uploads\/2020\/05\/Excel-2cd.pdf\" class=\"wp-block-file__button wp-element-button\" download>Preuzmi<\/a><\/div>\n","protected":false},"excerpt":{"rendered":"<p>Opis aktivnostiU\u010denici \u0107e kroz rad na zadacima u\u010diti pronalaziti i odabirati relevantne informacije te koristiti prikladne izvore za izradu digitalnih sadr\u017eaja. Sura\u0111ivat \u0107e u online okru\u017eenju na zajedni\u010dkim projektima te razvijati digitalne vje\u0161tine, kreativnost i odgovorno kori\u0161tenje tehnologije. Tako\u0111er \u0107e analizirati ulogu pomo\u0107ne tehnologije i prilago\u0111enih digitalnih sadr\u017eaja u \u017eivotima osoba s te\u0161ko\u0107ama. Ishodi Me\u0111upredmetne<\/p>\n<p><a href=\"https:\/\/informatika.ssploce.hr\/?page_id=364\" class=\"more-link themebutton\">Read More<\/a><\/p>\n","protected":false},"author":2,"featured_media":0,"parent":0,"menu_order":0,"comment_status":"closed","ping_status":"closed","template":"","meta":{"footnotes":""},"_links":{"self":[{"href":"https:\/\/informatika.ssploce.hr\/index.php?rest_route=\/wp\/v2\/pages\/364"}],"collection":[{"href":"https:\/\/informatika.ssploce.hr\/index.php?rest_route=\/wp\/v2\/pages"}],"about":[{"href":"https:\/\/informatika.ssploce.hr\/index.php?rest_route=\/wp\/v2\/types\/page"}],"author":[{"embeddable":true,"href":"https:\/\/informatika.ssploce.hr\/index.php?rest_route=\/wp\/v2\/users\/2"}],"replies":[{"embeddable":true,"href":"https:\/\/informatika.ssploce.hr\/index.php?rest_route=%2Fwp%2Fv2%2Fcomments&post=364"}],"version-history":[{"count":14,"href":"https:\/\/informatika.ssploce.hr\/index.php?rest_route=\/wp\/v2\/pages\/364\/revisions"}],"predecessor-version":[{"id":1100,"href":"https:\/\/informatika.ssploce.hr\/index.php?rest_route=\/wp\/v2\/pages\/364\/revisions\/1100"}],"wp:attachment":[{"href":"https:\/\/informatika.ssploce.hr\/index.php?rest_route=%2Fwp%2Fv2%2Fmedia&parent=364"}],"curies":[{"name":"wp","href":"https:\/\/api.w.org\/{rel}","templated":true}]}}