{"id":420,"date":"2021-01-17T21:42:16","date_gmt":"2021-01-17T21:42:16","guid":{"rendered":"http:\/\/informatika.ssploce.hr\/?page_id=420"},"modified":"2026-04-15T13:05:25","modified_gmt":"2026-04-15T13:05:25","slug":"e-drustvo","status":"publish","type":"page","link":"https:\/\/informatika.ssploce.hr\/?page_id=420","title":{"rendered":"Internet i E dru\u0161tvo"},"content":{"rendered":"\n<p><strong>Opis aktivnosti i ishodi u\u010denja<\/strong><br>U\u010denici \u0107e u\u010diti pronalaziti i odabirati informacije, stvarati i dijeliti digitalne sadr\u017eaje te sura\u0111ivati u online okru\u017eenju na zajedni\u010dkim projektima. Razvijat \u0107e digitalne vje\u0161tine, kreativnost i odgovorno kori\u0161tenje tehnologije.<\/p>\n\n\n\n<p>Tako\u0111er \u0107e razvijati svijest o sigurnosti na internetu, eti\u010dkim pitanjima te opasnostima poput zlonamjernih programa i kra\u0111e identiteta, kao i razumijevanje uloge pomo\u0107ne tehnologije u \u017eivotu osoba s te\u0161ko\u0107ama.<\/p>\n\n\n\n<p><strong>Ishodi u\u010denja:<\/strong><\/p>\n\n\n\n<ul>\n<li>samostalno pronalazi, odabire i koristi informacije iz razli\u010ditih izvora<\/li>\n\n\n\n<li>stvara, ure\u0111uje i dijeli digitalne sadr\u017eaje u suradni\u010dkom okru\u017eenju<\/li>\n\n\n\n<li>prepoznaje sigurnosne rizike i primjenjuje osnovna pravila sigurnosti na internetu<\/li>\n\n\n\n<li>obja\u0161njava eti\u010dka pitanja vezana uz kori\u0161tenje digitalne tehnologije<\/li>\n\n\n\n<li>opisuje ulogu pomo\u0107ne tehnologije u svakodnevnom \u017eivotu<\/li>\n<\/ul>\n\n\n\n<div class=\"wp-block-columns is-layout-flex wp-container-core-columns-is-layout-1 wp-block-columns-is-layout-flex\">\n<div class=\"wp-block-column is-layout-flow wp-block-column-is-layout-flow\" style=\"flex-basis:100%\"><\/div>\n<\/div>\n\n\n\n<div class=\"wp-block-columns is-layout-flex wp-container-core-columns-is-layout-2 wp-block-columns-is-layout-flex\">\n<div class=\"wp-block-column is-layout-flow wp-block-column-is-layout-flow\">\n<div class=\"wp-block-buttons is-layout-flex wp-block-buttons-is-layout-flex\">\n<div class=\"wp-block-button\"><a class=\"wp-block-button__link wp-element-button\" href=\"https:\/\/informatika.ssploce.hr\/?page_id=456\">Sigurno u svijetu interenta<\/a><\/div>\n<\/div>\n<\/div>\n\n\n\n<div class=\"wp-block-column is-layout-flow wp-block-column-is-layout-flow\">\n<div class=\"wp-block-buttons has-custom-font-size has-medium-font-size is-layout-flex wp-block-buttons-is-layout-flex\">\n<div class=\"wp-block-button\"><a class=\"wp-block-button__link wp-element-button\" href=\"https:\/\/informatika.ssploce.hr\/?page_id=458\">E &#8211; dru\u0161tvo<\/a><\/div>\n<\/div>\n<\/div>\n<\/div>\n","protected":false},"excerpt":{"rendered":"<p>Opis aktivnosti i ishodi u\u010denjaU\u010denici \u0107e u\u010diti pronalaziti i odabirati informacije, stvarati i dijeliti digitalne sadr\u017eaje te sura\u0111ivati u online okru\u017eenju na zajedni\u010dkim projektima. Razvijat \u0107e digitalne vje\u0161tine, kreativnost i odgovorno kori\u0161tenje tehnologije. Tako\u0111er \u0107e razvijati svijest o sigurnosti na internetu, eti\u010dkim pitanjima te opasnostima poput zlonamjernih programa i kra\u0111e identiteta, kao i razumijevanje uloge<\/p>\n<p><a href=\"https:\/\/informatika.ssploce.hr\/?page_id=420\" class=\"more-link themebutton\">Read More<\/a><\/p>\n","protected":false},"author":2,"featured_media":0,"parent":0,"menu_order":0,"comment_status":"closed","ping_status":"closed","template":"","meta":{"footnotes":""},"_links":{"self":[{"href":"https:\/\/informatika.ssploce.hr\/index.php?rest_route=\/wp\/v2\/pages\/420"}],"collection":[{"href":"https:\/\/informatika.ssploce.hr\/index.php?rest_route=\/wp\/v2\/pages"}],"about":[{"href":"https:\/\/informatika.ssploce.hr\/index.php?rest_route=\/wp\/v2\/types\/page"}],"author":[{"embeddable":true,"href":"https:\/\/informatika.ssploce.hr\/index.php?rest_route=\/wp\/v2\/users\/2"}],"replies":[{"embeddable":true,"href":"https:\/\/informatika.ssploce.hr\/index.php?rest_route=%2Fwp%2Fv2%2Fcomments&post=420"}],"version-history":[{"count":5,"href":"https:\/\/informatika.ssploce.hr\/index.php?rest_route=\/wp\/v2\/pages\/420\/revisions"}],"predecessor-version":[{"id":1099,"href":"https:\/\/informatika.ssploce.hr\/index.php?rest_route=\/wp\/v2\/pages\/420\/revisions\/1099"}],"wp:attachment":[{"href":"https:\/\/informatika.ssploce.hr\/index.php?rest_route=%2Fwp%2Fv2%2Fmedia&parent=420"}],"curies":[{"name":"wp","href":"https:\/\/api.w.org\/{rel}","templated":true}]}}