{"id":444,"date":"2021-01-18T12:42:16","date_gmt":"2021-01-18T12:42:16","guid":{"rendered":"http:\/\/informatika.ssploce.hr\/?page_id=444"},"modified":"2025-02-14T16:26:19","modified_gmt":"2025-02-14T16:26:19","slug":"programska-podrska","status":"publish","type":"page","link":"https:\/\/informatika.ssploce.hr\/?page_id=444","title":{"rendered":"Programska podr\u0161ka"},"content":{"rendered":"\n<figure class=\"wp-block-image size-large\"><img loading=\"lazy\" decoding=\"async\" width=\"756\" height=\"125\" src=\"http:\/\/informatika.ssploce.hr\/wp-content\/uploads\/2021\/02\/slikasoft.png\" alt=\"\" class=\"wp-image-528\" srcset=\"https:\/\/informatika.ssploce.hr\/wp-content\/uploads\/2021\/02\/slikasoft.png 756w, https:\/\/informatika.ssploce.hr\/wp-content\/uploads\/2021\/02\/slikasoft-300x50.png 300w\" sizes=\"(max-width: 756px) 100vw, 756px\" \/><\/figure>\n\n\n\n<p><\/p>\n\n\n\n<p>Nau\u010dit \u0107emo:<li data-start=\"14\" data-end=\"57\">Razlikovati vrste programa prema namjeni.<\/li><li data-start=\"58\" data-end=\"123\">Razumjeti ulogu operacijskog sustava u radu ra\u010dunalnog sustava.<\/li><li data-start=\"124\" data-end=\"197\">Nabrojati razli\u010dite operacijske sustave za razli\u010dite digitalne ure\u0111aje.<\/li><li data-start=\"198\" data-end=\"249\">Razlikovati mape i datoteke te operacije s njima.<\/li><li data-start=\"250\" data-end=\"270\">Sa\u017eimati datoteke.<\/li><li data-start=\"271\" data-end=\"358\">Prepoznati i po\u0161tovati licence kori\u0161tenja, autorsko pravo i intelektualno vlasni\u0161tvo.<\/li><li data-start=\"359\" data-end=\"466\">Obja\u0161njavati razlike izme\u0111u programa otvorenog koda, demo programa te slobodnih i komercijalnih programa.<\/li><\/p>\n\n\n\n<hr class=\"wp-block-separator has-css-opacity\"\/>\n\n\n\n<p>Programska podr\u0161ka <\/p>\n\n\n\n<iframe loading=\"lazy\" width=\"760px\" height=\"500px\" src=\"https:\/\/sway.office.com\/s\/g0Xe55Mp75WdAL5g\/embed\" frameborder=\"0\" marginheight=\"0\" marginwidth=\"0\" max-width=\"100%\" sandbox=\"allow-forms allow-modals allow-orientation-lock allow-popups allow-same-origin allow-scripts\" scrolling=\"no\" style=\"border: none; max-width: 100%; max-height: 100vh\" allowfullscreen=\"\" mozallowfullscreen=\"\" msallowfullscreen=\"\" webkitallowfullscreen=\"\"><\/iframe>\n\n\n\n<p>Rad u OS-u (radna prezentacija)<\/p>\n\n\n\n<iframe style=\"width:550px;height:350px\" src=\"https:\/\/online.anyflip.com\/wqbzs\/lohb\/index.html\"  seamless=\"seamless\" scrolling=\"no\" frameborder=\"0\" allowtransparency=\"true\" allowfullscreen=\"true\" ><\/iframe>\n\n\n\n<p>Vrednovanje<\/p>\n\n\n\n<ul>\n<li><a href=\"https:\/\/learningapps.org\/watch?v=poe9zmmna19\">Zadatak-vrste datoteka<\/a><\/li>\n<\/ul>\n\n\n\n<div class=\"wp-block-file\"><a href=\"http:\/\/informatika.ssploce.hr\/wp-content\/uploads\/2021\/01\/vjezba_rad_u_OS.pdf\">Vje\u017dba: Rad u OS-u i rad s mapama i datotekama<\/a><a href=\"http:\/\/informatika.ssploce.hr\/wp-content\/uploads\/2021\/01\/vjezba_rad_u_OS.pdf\" class=\"wp-block-file__button wp-element-button\" download>Preuzmi<\/a><\/div>\n\n\n\n<ul>\n<li><a href=\"https:\/\/informatickeigre.com\/1r\/kviz-programska-podrska\/\">Informati\u010dke igre &#8211; Kviz programska podr\u0161ka<\/a><\/li>\n<\/ul>\n\n\n\n<ul>\n<li><a href=\"https:\/\/informatickeigre.com\/kviz-iz-nastavaka-racunalne-datoteke\/\">Informati\u010dke igre &#8211; Nastavci datoteka<\/a><\/li>\n<\/ul>\n\n\n\n<div class=\"wp-block-file\"><a href=\"http:\/\/informatika.ssploce.hr\/wp-content\/uploads\/2021\/02\/Pitanja-iz-programske-podrske.pdf\">Pitanja iz programske podrske (izvor:web)<\/a><a href=\"http:\/\/informatika.ssploce.hr\/wp-content\/uploads\/2021\/02\/Pitanja-iz-programske-podrske.pdf\" class=\"wp-block-file__button wp-element-button\" download>Preuzmi<\/a><\/div>\n\n\n\n<div data-wp-interactive=\"core\/file\" class=\"wp-block-file\"><object data-wp-bind--hidden=\"!state.hasPdfPreview\"  class=\"wp-block-file__embed\" data=\"http:\/\/informatika.ssploce.hr\/wp-content\/uploads\/2021\/09\/Rad-u-OS.pdf\" type=\"application\/pdf\" style=\"width:100%;height:600px\" aria-label=\"Ugra\u0111eno Rad-u-OS.\"><\/object><a href=\"http:\/\/informatika.ssploce.hr\/wp-content\/uploads\/2021\/09\/Rad-u-OS.pdf\">Rad-u-OS<\/a><a href=\"http:\/\/informatika.ssploce.hr\/wp-content\/uploads\/2021\/09\/Rad-u-OS.pdf\" class=\"wp-block-file__button wp-element-button\" download>Preuzmi<\/a><\/div>\n","protected":false},"excerpt":{"rendered":"<p>Nau\u010dit \u0107emo: Razlikovati vrste programa prema namjeni. Razumjeti ulogu operacijskog sustava u radu ra\u010dunalnog sustava. Nabrojati razli\u010dite operacijske sustave za razli\u010dite digitalne ure\u0111aje. Razlikovati mape i datoteke te operacije s njima. Sa\u017eimati datoteke. Prepoznati i po\u0161tovati licence kori\u0161tenja, autorsko pravo i intelektualno vlasni\u0161tvo. Obja\u0161njavati razlike izme\u0111u programa otvorenog koda, demo programa te slobodnih i komercijalnih<\/p>\n<p><a href=\"https:\/\/informatika.ssploce.hr\/?page_id=444\" class=\"more-link themebutton\">Read More<\/a><\/p>\n","protected":false},"author":2,"featured_media":0,"parent":0,"menu_order":0,"comment_status":"closed","ping_status":"closed","template":"","meta":{"footnotes":""},"_links":{"self":[{"href":"https:\/\/informatika.ssploce.hr\/index.php?rest_route=\/wp\/v2\/pages\/444"}],"collection":[{"href":"https:\/\/informatika.ssploce.hr\/index.php?rest_route=\/wp\/v2\/pages"}],"about":[{"href":"https:\/\/informatika.ssploce.hr\/index.php?rest_route=\/wp\/v2\/types\/page"}],"author":[{"embeddable":true,"href":"https:\/\/informatika.ssploce.hr\/index.php?rest_route=\/wp\/v2\/users\/2"}],"replies":[{"embeddable":true,"href":"https:\/\/informatika.ssploce.hr\/index.php?rest_route=%2Fwp%2Fv2%2Fcomments&post=444"}],"version-history":[{"count":13,"href":"https:\/\/informatika.ssploce.hr\/index.php?rest_route=\/wp\/v2\/pages\/444\/revisions"}],"predecessor-version":[{"id":850,"href":"https:\/\/informatika.ssploce.hr\/index.php?rest_route=\/wp\/v2\/pages\/444\/revisions\/850"}],"wp:attachment":[{"href":"https:\/\/informatika.ssploce.hr\/index.php?rest_route=%2Fwp%2Fv2%2Fmedia&parent=444"}],"curies":[{"name":"wp","href":"https:\/\/api.w.org\/{rel}","templated":true}]}}