{"id":535,"date":"2021-02-06T17:39:20","date_gmt":"2021-02-06T17:39:20","guid":{"rendered":"http:\/\/informatika.ssploce.hr\/?page_id=535"},"modified":"2026-04-15T13:11:19","modified_gmt":"2026-04-15T13:11:19","slug":"proracunske-tablice","status":"publish","type":"page","link":"https:\/\/informatika.ssploce.hr\/?page_id=535","title":{"rendered":"Prora\u010dunske tablice"},"content":{"rendered":"\n<p><strong>U\u010denici \u0107e:<\/strong><\/p>\n\n\n\n<ul>\n<li>primjenjivati osnovne operacije na tabli\u010dno organiziranim podacima<\/li>\n\n\n\n<li>oblikovati tablice i podatke, uvjetno oblikovati te manipulirati unosima i ispisima podataka<\/li>\n\n\n\n<li>koristiti standardne funkcije, sortiranje i filtriranje na tabli\u010dno organiziranim podatcima<\/li>\n\n\n\n<li>obra\u0111ivati i grafi\u010dki prikazivati podatke<\/li>\n\n\n\n<li>primjenjivati Excel za rje\u0161avanje problema i prikaz podataka<\/li>\n\n\n\n<li>predstavljati svoje rezultate u razredu<\/li>\n<\/ul>\n\n\n\n<p><strong>Radne datoteke &#8211; prakti\u010dne vje\u017ebe:<\/strong><\/p>\n\n\n\n<div class=\"wp-block-file\"><a href=\"http:\/\/informatika.ssploce.hr\/wp-content\/uploads\/2021\/06\/uvod_excel.xlsx\">uvod_excel<\/a><a href=\"http:\/\/informatika.ssploce.hr\/wp-content\/uploads\/2021\/06\/uvod_excel.xlsx\" class=\"wp-block-file__button wp-element-button\" download>Preuzmi<\/a><\/div>\n\n\n\n<div class=\"wp-block-file\"><a href=\"http:\/\/informatika.ssploce.hr\/wp-content\/uploads\/2021\/06\/oblikovanje_i_kopiranje.xlsx\">oblikovanje_kopiranje_vrste_podataka<\/a><a href=\"http:\/\/informatika.ssploce.hr\/wp-content\/uploads\/2021\/06\/oblikovanje_i_kopiranje.xlsx\" class=\"wp-block-file__button wp-element-button\" download>Preuzmi<\/a><\/div>\n\n\n\n<div class=\"wp-block-file\"><a href=\"http:\/\/informatika.ssploce.hr\/wp-content\/uploads\/2021\/06\/osnovne_funkcije__1_.xlsx\">osnovne_funkcije<\/a><a href=\"http:\/\/informatika.ssploce.hr\/wp-content\/uploads\/2021\/06\/osnovne_funkcije__1_.xlsx\" class=\"wp-block-file__button wp-element-button\" download>Preuzmi<\/a><\/div>\n\n\n\n<div class=\"wp-block-file\"><a href=\"http:\/\/informatika.ssploce.hr\/wp-content\/uploads\/2021\/06\/prebrojavanje.xlsx\">prebrojavanje-COUNT<\/a><a href=\"http:\/\/informatika.ssploce.hr\/wp-content\/uploads\/2021\/06\/prebrojavanje.xlsx\" class=\"wp-block-file__button wp-element-button\" download>Preuzmi<\/a><\/div>\n\n\n\n<div class=\"wp-block-file\"><a href=\"http:\/\/informatika.ssploce.hr\/wp-content\/uploads\/2021\/06\/if_funkcija.xlsx\">if_funkcija<\/a><a href=\"http:\/\/informatika.ssploce.hr\/wp-content\/uploads\/2021\/06\/if_funkcija.xlsx\" class=\"wp-block-file__button wp-element-button\" download>Preuzmi<\/a><\/div>\n\n\n\n<div class=\"wp-block-file\"><a href=\"http:\/\/informatika.ssploce.hr\/wp-content\/uploads\/2021\/06\/if_vjeba-1.xls\">if_vjeba-rje\u0161avanje problema<\/a><a href=\"http:\/\/informatika.ssploce.hr\/wp-content\/uploads\/2021\/06\/if_vjeba-1.xls\" class=\"wp-block-file__button wp-element-button\" download>Preuzmi<\/a><\/div>\n\n\n\n<div class=\"wp-block-file\"><a href=\"http:\/\/informatika.ssploce.hr\/wp-content\/uploads\/2021\/06\/grafikoni-1.xlsx\">grafikoni-rje\u0161avanje poblema<\/a><a href=\"http:\/\/informatika.ssploce.hr\/wp-content\/uploads\/2021\/06\/grafikoni-1.xlsx\" class=\"wp-block-file__button wp-element-button\" download>Preuzmi<\/a><\/div>\n\n\n\n<div class=\"wp-block-file\"><a href=\"http:\/\/informatika.ssploce.hr\/wp-content\/uploads\/2021\/06\/matematika.xlsx\">matematika u excelu-ponavljanje gradiva<\/a><a href=\"http:\/\/informatika.ssploce.hr\/wp-content\/uploads\/2021\/06\/matematika.xlsx\" class=\"wp-block-file__button wp-element-button\" download>Preuzmi<\/a><\/div>\n\n\n\n<p><\/p>\n","protected":false},"excerpt":{"rendered":"<p>U\u010denici \u0107e: Radne datoteke &#8211; prakti\u010dne vje\u017ebe:<\/p>\n","protected":false},"author":2,"featured_media":0,"parent":0,"menu_order":0,"comment_status":"closed","ping_status":"closed","template":"","meta":{"footnotes":""},"_links":{"self":[{"href":"https:\/\/informatika.ssploce.hr\/index.php?rest_route=\/wp\/v2\/pages\/535"}],"collection":[{"href":"https:\/\/informatika.ssploce.hr\/index.php?rest_route=\/wp\/v2\/pages"}],"about":[{"href":"https:\/\/informatika.ssploce.hr\/index.php?rest_route=\/wp\/v2\/types\/page"}],"author":[{"embeddable":true,"href":"https:\/\/informatika.ssploce.hr\/index.php?rest_route=\/wp\/v2\/users\/2"}],"replies":[{"embeddable":true,"href":"https:\/\/informatika.ssploce.hr\/index.php?rest_route=%2Fwp%2Fv2%2Fcomments&post=535"}],"version-history":[{"count":3,"href":"https:\/\/informatika.ssploce.hr\/index.php?rest_route=\/wp\/v2\/pages\/535\/revisions"}],"predecessor-version":[{"id":1103,"href":"https:\/\/informatika.ssploce.hr\/index.php?rest_route=\/wp\/v2\/pages\/535\/revisions\/1103"}],"wp:attachment":[{"href":"https:\/\/informatika.ssploce.hr\/index.php?rest_route=%2Fwp%2Fv2%2Fmedia&parent=535"}],"curies":[{"name":"wp","href":"https:\/\/api.w.org\/{rel}","templated":true}]}}