{"id":725,"date":"2024-04-09T11:06:14","date_gmt":"2024-04-09T11:06:14","guid":{"rendered":"http:\/\/informatika.ssploce.hr\/?page_id=725"},"modified":"2026-04-16T07:11:18","modified_gmt":"2026-04-16T07:11:18","slug":"rjesavanje-problema-escape-room-igra","status":"publish","type":"page","link":"https:\/\/informatika.ssploce.hr\/?page_id=725","title":{"rendered":"Rje\u0161avanje problema &#8211; Escape room igra"},"content":{"rendered":"\n<p><strong>Odgojno-obrazovni ishodi<\/strong><\/p>\n\n\n\n<p><strong>Odgojno-obrazovni ishodi<\/strong><\/p>\n\n\n\n<ul>\n<li><strong>A.2.4.<\/strong><br>Opisuje osnovne pojmove iz podru\u010dja enkripcije podataka te obja\u0161njava njezinu ulogu u za\u0161titi podataka.<\/li>\n\n\n\n<li><strong>B.2.1.<\/strong><br>Opisuje i implementira osnovne algoritme u programskom jeziku koriste\u0107i jednostavne tipove podataka i osnovne programske strukture, testira rje\u0161enje te ispravlja eventualne pogre\u0161ke.<br>Predla\u017ee i analizira druge na\u010dine rje\u0161avanja istih problema.<br>Analizira efikasnost algoritma ovisno o koli\u010dini i vrsti ulaznih vrijednosti.<\/li>\n\n\n\n<li><strong>B.2.3.<\/strong><br>Koristi jednodimenzionalne strukture podataka za rje\u0161avanje jednostavnog problema.<\/li>\n<\/ul>\n\n\n\n<hr class=\"wp-block-separator has-alpha-channel-opacity\"\/>\n\n\n\n<p><strong>Me\u0111upredmetne teme<\/strong><\/p>\n\n\n\n<ul>\n<li><strong>MPT Osobni i socijalni razvoj<\/strong><br>A.4.3. \u2013 Razvija osobne potencijale<\/li>\n\n\n\n<li><strong>MPT U\u010diti kako u\u010diti<\/strong><br>A.4. \u2013 U\u010denik samostalno kriti\u010dki promi\u0161lja i vrednuje ideje<br>B.4\/5.2.2. \u2013 U\u010denik prati u\u010dinkovitost u\u010denja i svoje napredovanje tijekom u\u010denja<\/li>\n<\/ul>\n\n\n\n<hr class=\"wp-block-separator has-alpha-channel-opacity\"\/>\n\n\n\n<p><strong>Opis aktivnosti<\/strong><\/p>\n\n\n\n<p><strong>Link na igru:<\/strong><\/p>\n\n\n\n<p>U\u010denici ponavljaju gradivo rje\u0161avanjem escape igre koju mo\u017eete preuzeti na sljede\u0107oj poveznici:<br><a href=\"https:\/\/carnet-my.sharepoint.com\/:f:\/g\/personal\/tina_cvijanovic_skole_hr\/EtUxq5iD0G9NqU11syTc3AgBc-eTjfmcLLF9qnSq22d5mw?e=zeLlRK\">Escape-Digi-rje\u0161avanje problema<\/a><\/p>\n\n\n\n<p>U mapi <strong>Escape letters<\/strong> nalazi se igra. Datoteke za ure\u0111ivanje dostupne su u mapama: <strong>Word letters<\/strong> i <strong>Rje\u0161enja<\/strong>.<\/p>\n\n\n\n<p>Link na samu igru:<\/p>\n\n\n\n<p><a href=\"https:\/\/carnet-my.sharepoint.com\/:f:\/g\/personal\/tina_cvijanovic_skole_hr\/EhD3bFujwoBJrjqnxeIc6KUB_5olkisMAIbLaL9xB_LuWA?e=mbPzeU\">Zaigraj igru: Rije\u0161i problem i do\u0111i do cilja<\/a><\/p>\n\n\n\n<p><\/p>\n","protected":false},"excerpt":{"rendered":"<p>Odgojno-obrazovni ishodi Odgojno-obrazovni ishodi Me\u0111upredmetne teme Opis aktivnosti Link na igru: U\u010denici ponavljaju gradivo rje\u0161avanjem escape igre koju mo\u017eete preuzeti na sljede\u0107oj poveznici:Escape-Digi-rje\u0161avanje problema U mapi Escape letters nalazi se igra. Datoteke za ure\u0111ivanje dostupne su u mapama: Word letters i Rje\u0161enja. Link na samu igru: Zaigraj igru: Rije\u0161i problem i do\u0111i do cilja<\/p>\n","protected":false},"author":2,"featured_media":0,"parent":0,"menu_order":0,"comment_status":"closed","ping_status":"closed","template":"","meta":{"footnotes":""},"_links":{"self":[{"href":"https:\/\/informatika.ssploce.hr\/index.php?rest_route=\/wp\/v2\/pages\/725"}],"collection":[{"href":"https:\/\/informatika.ssploce.hr\/index.php?rest_route=\/wp\/v2\/pages"}],"about":[{"href":"https:\/\/informatika.ssploce.hr\/index.php?rest_route=\/wp\/v2\/types\/page"}],"author":[{"embeddable":true,"href":"https:\/\/informatika.ssploce.hr\/index.php?rest_route=\/wp\/v2\/users\/2"}],"replies":[{"embeddable":true,"href":"https:\/\/informatika.ssploce.hr\/index.php?rest_route=%2Fwp%2Fv2%2Fcomments&post=725"}],"version-history":[{"count":7,"href":"https:\/\/informatika.ssploce.hr\/index.php?rest_route=\/wp\/v2\/pages\/725\/revisions"}],"predecessor-version":[{"id":1109,"href":"https:\/\/informatika.ssploce.hr\/index.php?rest_route=\/wp\/v2\/pages\/725\/revisions\/1109"}],"wp:attachment":[{"href":"https:\/\/informatika.ssploce.hr\/index.php?rest_route=%2Fwp%2Fv2%2Fmedia&parent=725"}],"curies":[{"name":"wp","href":"https:\/\/api.w.org\/{rel}","templated":true}]}}