{"id":741,"date":"2024-05-15T07:24:41","date_gmt":"2024-05-15T07:24:41","guid":{"rendered":"https:\/\/informatika.ssploce.hr\/?page_id=741"},"modified":"2026-04-16T07:13:29","modified_gmt":"2026-04-16T07:13:29","slug":"ai-izrada-chatbota","status":"publish","type":"page","link":"https:\/\/informatika.ssploce.hr\/?page_id=741","title":{"rendered":"AI &#8211; izrada chatbota EcoAliste"},"content":{"rendered":"\n<p>Izrada Chatbota kao glavnog rezultata za potrebe projekta sa \u0161panjolskom \u0161kolom Ies Aliste.<\/p>\n\n\n\n<p>Cilj projekta je bio obuka u\u010denika i nastavnika kako koristiti nove tehnologije. Zadatak nam je bio izrada chatbota koji \u0107e informirati korisnike o \u0161panjolskoj regiji Alcanices i educirati ih o tradicionalnim vrijednostima,  kako o\u010duvati okoli\u0161 i \u017eivjeti u skladu s prirodom.<\/p>\n\n\n\n<p>Spojili smo znanje usvojeno projektom \u0160kola budu\u0107nosti s izradom web stanica i osmislili EcoAliste bota. \ud83d\ude42<\/p>\n\n\n\n<p>Vi\u0161e o botu, kao i sliku dijagrama razgovora mo\u017eete prona\u0107i <a href=\"http:\/\/informatika.ssploce.hr\/wp-content\/uploads\/2024\/05\/Chatbot-EcoAliste-opis.pdf\">ovdje<\/a>.<\/p>\n\n\n\n<p>Preuzeti i isprobati bota mo\u017eete <a href=\"https:\/\/drive.google.com\/drive\/folders\/15ezMcjSqMCdIAuobOo6Ofarj7RfCOlIY?usp=sharing\">ovdje<\/a>. \ud83d\ude42<br>Datoteka sadr\u017ei web stanicu s aktiviranim botom i popratne datoteke.<\/p>\n\n\n\n<p>Foto<\/p>\n\n\n\n<figure class=\"wp-block-gallery has-nested-images columns-default is-cropped wp-block-gallery-1 is-layout-flex wp-block-gallery-is-layout-flex\">\n<figure class=\"wp-block-image size-large\"><img loading=\"lazy\" decoding=\"async\" width=\"1000\" height=\"750\" data-id=\"767\" src=\"https:\/\/informatika.ssploce.hr\/wp-content\/uploads\/2024\/05\/bot4.jpg\" alt=\"\" class=\"wp-image-767\" srcset=\"https:\/\/informatika.ssploce.hr\/wp-content\/uploads\/2024\/05\/bot4.jpg 1000w, https:\/\/informatika.ssploce.hr\/wp-content\/uploads\/2024\/05\/bot4-300x225.jpg 300w, https:\/\/informatika.ssploce.hr\/wp-content\/uploads\/2024\/05\/bot4-768x576.jpg 768w\" sizes=\"(max-width: 1000px) 100vw, 1000px\" \/><\/figure>\n\n\n\n<figure class=\"wp-block-image size-large\"><img loading=\"lazy\" decoding=\"async\" width=\"750\" height=\"1000\" data-id=\"768\" src=\"https:\/\/informatika.ssploce.hr\/wp-content\/uploads\/2024\/05\/bot3.jpg\" alt=\"\" class=\"wp-image-768\" srcset=\"https:\/\/informatika.ssploce.hr\/wp-content\/uploads\/2024\/05\/bot3.jpg 750w, https:\/\/informatika.ssploce.hr\/wp-content\/uploads\/2024\/05\/bot3-225x300.jpg 225w\" sizes=\"(max-width: 750px) 100vw, 750px\" \/><\/figure>\n\n\n\n<figure class=\"wp-block-image size-large\"><img loading=\"lazy\" decoding=\"async\" width=\"750\" height=\"1000\" data-id=\"769\" src=\"https:\/\/informatika.ssploce.hr\/wp-content\/uploads\/2024\/05\/bot2.jpg\" alt=\"\" class=\"wp-image-769\" srcset=\"https:\/\/informatika.ssploce.hr\/wp-content\/uploads\/2024\/05\/bot2.jpg 750w, https:\/\/informatika.ssploce.hr\/wp-content\/uploads\/2024\/05\/bot2-225x300.jpg 225w\" sizes=\"(max-width: 750px) 100vw, 750px\" \/><\/figure>\n\n\n\n<figure class=\"wp-block-image size-large\"><img loading=\"lazy\" decoding=\"async\" width=\"1000\" height=\"750\" data-id=\"770\" src=\"https:\/\/informatika.ssploce.hr\/wp-content\/uploads\/2024\/05\/bot1.jpg\" alt=\"\" class=\"wp-image-770\" srcset=\"https:\/\/informatika.ssploce.hr\/wp-content\/uploads\/2024\/05\/bot1.jpg 1000w, https:\/\/informatika.ssploce.hr\/wp-content\/uploads\/2024\/05\/bot1-300x225.jpg 300w, https:\/\/informatika.ssploce.hr\/wp-content\/uploads\/2024\/05\/bot1-768x576.jpg 768w\" sizes=\"(max-width: 1000px) 100vw, 1000px\" \/><\/figure>\n<\/figure>\n\n\n\n<p><\/p>\n","protected":false},"excerpt":{"rendered":"<p>Izrada Chatbota kao glavnog rezultata za potrebe projekta sa \u0161panjolskom \u0161kolom Ies Aliste. Cilj projekta je bio obuka u\u010denika i nastavnika kako koristiti nove tehnologije. Zadatak nam je bio izrada chatbota koji \u0107e informirati korisnike o \u0161panjolskoj regiji Alcanices i educirati ih o tradicionalnim vrijednostima, kako o\u010duvati okoli\u0161 i \u017eivjeti u skladu s prirodom. Spojili<\/p>\n<p><a href=\"https:\/\/informatika.ssploce.hr\/?page_id=741\" class=\"more-link themebutton\">Read More<\/a><\/p>\n","protected":false},"author":2,"featured_media":0,"parent":0,"menu_order":0,"comment_status":"closed","ping_status":"closed","template":"","meta":{"footnotes":""},"_links":{"self":[{"href":"https:\/\/informatika.ssploce.hr\/index.php?rest_route=\/wp\/v2\/pages\/741"}],"collection":[{"href":"https:\/\/informatika.ssploce.hr\/index.php?rest_route=\/wp\/v2\/pages"}],"about":[{"href":"https:\/\/informatika.ssploce.hr\/index.php?rest_route=\/wp\/v2\/types\/page"}],"author":[{"embeddable":true,"href":"https:\/\/informatika.ssploce.hr\/index.php?rest_route=\/wp\/v2\/users\/2"}],"replies":[{"embeddable":true,"href":"https:\/\/informatika.ssploce.hr\/index.php?rest_route=%2Fwp%2Fv2%2Fcomments&post=741"}],"version-history":[{"count":18,"href":"https:\/\/informatika.ssploce.hr\/index.php?rest_route=\/wp\/v2\/pages\/741\/revisions"}],"predecessor-version":[{"id":1110,"href":"https:\/\/informatika.ssploce.hr\/index.php?rest_route=\/wp\/v2\/pages\/741\/revisions\/1110"}],"wp:attachment":[{"href":"https:\/\/informatika.ssploce.hr\/index.php?rest_route=%2Fwp%2Fv2%2Fmedia&parent=741"}],"curies":[{"name":"wp","href":"https:\/\/api.w.org\/{rel}","templated":true}]}}